{"id":325,"date":"2022-02-09T10:33:14","date_gmt":"2022-02-09T08:33:14","guid":{"rendered":"https:\/\/uranusacum.ro\/?page_id=325"},"modified":"2022-02-09T11:33:49","modified_gmt":"2022-02-09T09:33:49","slug":"tur-virtual-prin-uranus","status":"publish","type":"page","link":"https:\/\/uranusacum.ro\/en\/tur-virtual-prin-uranus\/","title":{"rendered":"Tur virtual prin Uranus"},"content":{"rendered":"<div class=\"wp-block-columns alignfull are-vertically-aligned-bottom is-layout-flex wp-container-core-columns-is-layout-5 wp-block-columns-is-layout-flex\">\n<div class=\"wp-block-column is-vertically-aligned-bottom is-layout-flow wp-block-column-is-layout-flow\" style=\"flex-basis:100%\">\n<div class=\"wp-block-columns alignfull are-vertically-aligned-center is-layout-flex wp-container-core-columns-is-layout-4 wp-block-columns-is-layout-flex\">\n<div class=\"wp-block-column is-vertically-aligned-center is-layout-flow wp-block-column-is-layout-flow\">\n<div class=\"wp-block-columns are-vertically-aligned-center is-style-twentytwentyone-columns-overlap has-black-color has-text-color is-layout-flex wp-container-core-columns-is-layout-2 wp-block-columns-is-layout-flex\">\n<div class=\"wp-block-column is-vertically-aligned-center is-layout-flow wp-block-column-is-layout-flow\" style=\"flex-basis:100%\">\n<div class=\"wp-block-columns is-layout-flex wp-container-core-columns-is-layout-1 wp-block-columns-is-layout-flex\">\n<div class=\"wp-block-column is-layout-flow wp-block-column-is-layout-flow\">\n<iframe src=\"https:\/\/www.google.com\/maps\/embed?pb=!1m48!1m8!1m3!1d11397.192017132693!2d26.089508000000002!3d44.427049!3m2!1i1024!2i768!4f13.1!4m37!3e2!4m5!1s0x40b1ff6a0abb20e7%3A0xa4ca98e39dc3d9fe!2sBiserica%20Mihai%20Vod%C4%83%2C%20Strada%20Sapien%C8%9Bei%204%2C%20Bucure%C8%99ti%20050131!3m2!1d44.431524599999996!2d26.0932452!4m5!1s0x40b1ff6b1dcc72d7%3A0x1d73bdfc41f01330!2zU3RyYWRhIFbDom7Eg3RvcmksIEJ1Y3VyZciZdGk!3m2!1d44.429197599999995!2d26.0942008!4m5!1s0x40b1ff135337aca1%3A0x5afe84a2c0718e46!2sM%C4%83n%C4%83stirea%20Antim%2C%20Strada%20Mitropolit%20Antim%20Ivireanul%2029%2C%20Bucure%C8%99ti%20040111!3m2!1d44.4260125!2d26.093892!4m5!1s0x40b1ff6cd1bb67b7%3A0x974c9e1f013b39fa!2sBiserica%20Buna%20Vestire%20-%20Schitul%20Maicilor%20din%20Bucure%C8%99ti%2C%20Bucure%C8%99ti%20030167!3m2!1d44.4250435!2d26.091938199999998!4m5!1s0x40b1ff8133794547%3A0x39082e0ca6e9e3be!2sAcademia%20Rom%C3%A2n%C4%83%2C%20Calea%2013%20Septembrie%20nr.%2013%2C%20Bucure%C8%99ti!3m2!1d44.422531799999994!2d26.0869857!4m5!1s0x40b1ff7237b0de9b%3A0x490c578d7aab9326!2sStr.%20Uranus%2C%20Bucure%C8%99ti!3m2!1d44.4222895!2d26.0833177!5e0!3m2!1sro!2sro!4v1644393188907!5m2!1sro!2sro\" width=\"800\" height=\"1200\" style=\"border:0;\" allowfullscreen=\"\" loading=\"lazy\"><\/iframe>\n<\/div>\n\n\n\n<div class=\"wp-block-column is-layout-flow wp-block-column-is-layout-flow\">\n<pre class=\"wp-block-verse has-small-font-size\"><strong>C\u00e2nd\n<\/strong>Exist\u0103 multe \u00eentreb\u0103ri \u0219i mult\u0103 nostalgie c\u00e2nd vine vorba de cartierul Uranus. Pu\u021bini \u0219tiu c\u0103 urmele fostului cartier sunt \u00eenc\u0103 vizibile. Oric\u00e2nd ne dorim s\u0103 face o c\u0103l\u0103torie \u00een istorie, acest traseu ne st\u0103 la dispozitie.<\/pre>\n\n\n\n<pre class=\"wp-block-verse has-small-font-size\"><strong>De ce Uranus?\n<\/strong>Cartierul Uranus reprezint\u0103 o realitate urban\u0103 eliminat\u0103. Traseul nostru poate fi o poart\u0103 de intrare c\u0103tre alte proiecte ce vorbesc despre reconstituirea simbolic\u0103 \u0219i analitic\u0103 a acesteia<\/pre>\n\n\n\n<pre class=\"wp-block-verse has-small-font-size\"><strong>Ce trebuie s\u0103 fac?\n<\/strong>Tot ce ai nevoie este un telefon mobil, internet \u0219i un strop de curiozitate. Vei fi ghidat de harta al\u0103turat\u0103 \u0219i de articolele de pe site. <\/pre>\n\n\n\n<div class=\"wp-block-buttons is-content-justification-right is-layout-flex wp-block-buttons-is-layout-flex\">\n<div class=\"wp-block-button\"><a class=\"wp-block-button__link\" href=\"https:\/\/uranusacum.ro\/en\/locuri-ale-memoriei\/\">Locuri ale memoriei<\/a><\/div>\n<\/div>\n\n\n\n<div class=\"wp-block-buttons is-content-justification-right is-layout-flex wp-block-buttons-is-layout-flex\">\n<div class=\"wp-block-button\"><a class=\"wp-block-button__link\" href=\"https:\/\/uranusacum.ro\/en\/category\/povesti-din-uranus\/\">Povesti din Uranus<\/a><\/div>\n<\/div>\n<\/div>\n<\/div>\n<\/div>\n<\/div>\n\n\n\n<div class=\"wp-block-columns are-vertically-aligned-center is-layout-flex wp-container-core-columns-is-layout-3 wp-block-columns-is-layout-flex\">\n<div class=\"wp-block-column is-vertically-aligned-center is-layout-flow wp-block-column-is-layout-flow\">\n<pre class=\"wp-block-verse\"><\/pre>\n<\/div>\n<\/div>\n<\/div>\n<\/div>\n<\/div>\n<\/div>\n\n\n\n<div class=\"wp-block-columns alignfull are-vertically-aligned-center is-layout-flex wp-container-core-columns-is-layout-6 wp-block-columns-is-layout-flex\">\n<div class=\"wp-block-column is-vertically-aligned-center is-layout-flow wp-block-column-is-layout-flow\">\n<figure class=\"wp-block-embed is-type-video is-provider-youtube wp-block-embed-youtube wp-embed-aspect-16-9 wp-has-aspect-ratio\"><div class=\"wp-block-embed__wrapper\">\n<iframe loading=\"lazy\" title=\"Manastirea Antim si zona din preajm\u0103\" width=\"750\" height=\"422\" src=\"https:\/\/www.youtube.com\/embed\/xh-4BvR3qKo?feature=oembed\" frameborder=\"0\" allow=\"accelerometer; autoplay; clipboard-write; encrypted-media; gyroscope; picture-in-picture\" allowfullscreen><\/iframe>\n<\/div><figcaption>Un landmark al fostului cartier<\/figcaption><\/figure>\n\n\n\n<figure class=\"wp-block-embed is-type-video is-provider-youtube wp-block-embed-youtube wp-embed-aspect-16-9 wp-has-aspect-ratio\"><div class=\"wp-block-embed__wrapper\">\n<iframe loading=\"lazy\" title=\"Instalatia din proiectul URANUS ACUM - strada Ecoului 50\" width=\"750\" height=\"422\" src=\"https:\/\/www.youtube.com\/embed\/AP7CFWAp67s?feature=oembed\" frameborder=\"0\" allow=\"accelerometer; autoplay; clipboard-write; encrypted-media; gyroscope; picture-in-picture\" allowfullscreen><\/iframe>\n<\/div><figcaption>Cum s-a modificat topografia cartierului<\/figcaption><\/figure>\n<\/div>\n\n\n\n<div class=\"wp-block-column is-vertically-aligned-center is-layout-flow wp-block-column-is-layout-flow\">\n<figure class=\"wp-block-embed is-type-video is-provider-youtube wp-block-embed-youtube wp-embed-aspect-16-9 wp-has-aspect-ratio\"><div class=\"wp-block-embed__wrapper\">\n<iframe loading=\"lazy\" title=\"Casa din strada V\u00e2n\u0103tori\" width=\"750\" height=\"422\" src=\"https:\/\/www.youtube.com\/embed\/r7GyRi0-pPc?feature=oembed\" frameborder=\"0\" allow=\"accelerometer; autoplay; clipboard-write; encrypted-media; gyroscope; picture-in-picture\" allowfullscreen><\/iframe>\n<\/div><figcaption>Ruinele unui monument istoric care a sc\u0103pat de comunism<\/figcaption><\/figure>\n\n\n\n<figure class=\"wp-block-embed is-type-video is-provider-youtube wp-block-embed-youtube wp-embed-aspect-16-9 wp-has-aspect-ratio\"><div class=\"wp-block-embed__wrapper\">\n<iframe loading=\"lazy\" title=\"Biserica Mihai din fostul cartier Uranus\" width=\"750\" height=\"422\" src=\"https:\/\/www.youtube.com\/embed\/Cj-EhatiMbw?feature=oembed\" frameborder=\"0\" allow=\"accelerometer; autoplay; clipboard-write; encrypted-media; gyroscope; picture-in-picture\" allowfullscreen><\/iframe>\n<\/div><figcaption>Mihai Vod\u0103, c\u00e2ndva una dintre cele mai mari ansambluri m\u0103n\u0103stire\u0219ti din ora\u0219<\/figcaption><\/figure>\n<\/div>\n\n\n\n<div class=\"wp-block-column is-vertically-aligned-center is-layout-flow wp-block-column-is-layout-flow\">\n<figure class=\"wp-block-embed is-type-video is-provider-youtube wp-block-embed-youtube wp-embed-aspect-16-9 wp-has-aspect-ratio\"><div class=\"wp-block-embed__wrapper\">\n<iframe loading=\"lazy\" title=\"Mahalaua Antim si Schitul Maicilor\" width=\"750\" height=\"422\" src=\"https:\/\/www.youtube.com\/embed\/b6s7SwfB8pY?feature=oembed\" frameborder=\"0\" allow=\"accelerometer; autoplay; clipboard-write; encrypted-media; gyroscope; picture-in-picture\" allowfullscreen><\/iframe>\n<\/div><figcaption>Ce a mai r\u0103mas din ansamblul Schitul Maicilor<\/figcaption><\/figure>\n<\/div>\n<\/div>\n\n\n\n<div class=\"wp-block-columns alignwide are-vertically-aligned-bottom is-layout-flex wp-container-core-columns-is-layout-7 wp-block-columns-is-layout-flex\">\n<div class=\"wp-block-column is-vertically-aligned-bottom is-layout-flow wp-block-column-is-layout-flow\">\n<div class=\"wp-block-buttons is-layout-flex wp-block-buttons-is-layout-flex\">\n<div class=\"wp-block-button\"><a class=\"wp-block-button__link\">5 Obiective<\/a><\/div>\n<\/div>\n<\/div>\n\n\n\n<div class=\"wp-block-column is-vertically-aligned-bottom is-layout-flow wp-block-column-is-layout-flow\">\n<div class=\"wp-block-buttons is-layout-flex wp-block-buttons-is-layout-flex\">\n<div class=\"wp-block-button\"><a class=\"wp-block-button__link\">60 de minute<\/a><\/div>\n<\/div>\n<\/div>\n\n\n\n<div class=\"wp-block-column is-vertically-aligned-bottom is-layout-flow wp-block-column-is-layout-flow\">\n<div class=\"wp-block-buttons is-layout-flex wp-block-buttons-is-layout-flex\">\n<div class=\"wp-block-button\"><a class=\"wp-block-button__link\">100 de pove\u0219ti<\/a><\/div>\n<\/div>\n<\/div>\n<\/div>\n\n\n\n<h4 class=\"alignfull has-text-align-center wp-block-heading\">Ce mai putem vedea azi sunt doar r\u0103m\u0103\u0219itele unui cartier<\/h4>\n\n\n\n<div class=\"wp-block-columns alignwide are-vertically-aligned-center is-style-twentytwentyone-columns-overlap is-layout-flex wp-container-core-columns-is-layout-8 wp-block-columns-is-layout-flex\">\n<div class=\"wp-block-column is-vertically-aligned-center is-layout-flow wp-block-column-is-layout-flow\">\n<figure class=\"wp-block-gallery alignfull columns-2 is-cropped wp-block-gallery-1 is-layout-flex wp-block-gallery-is-layout-flex\"><ul class=\"blocks-gallery-grid\"><li class=\"blocks-gallery-item\"><figure><img loading=\"lazy\" decoding=\"async\" width=\"1024\" height=\"768\" src=\"https:\/\/uranusacum.ro\/wp-content\/uploads\/2022\/02\/viziteaza-manastirea-mihai-voda.jpg\" alt=\"\" data-id=\"328\" data-full-url=\"https:\/\/uranusacum.ro\/wp-content\/uploads\/2022\/02\/viziteaza-manastirea-mihai-voda.jpg\" data-link=\"https:\/\/uranusacum.ro\/?attachment_id=328\" class=\"wp-image-328\"\/><\/figure><\/li><li class=\"blocks-gallery-item\"><figure><img loading=\"lazy\" decoding=\"async\" width=\"4032\" height=\"2016\" src=\"https:\/\/uranusacum.ro\/wp-content\/uploads\/2022\/02\/IMG_20211025_123709.jpg\" alt=\"\" data-id=\"339\" data-full-url=\"https:\/\/uranusacum.ro\/wp-content\/uploads\/2022\/02\/IMG_20211025_123709.jpg\" data-link=\"https:\/\/uranusacum.ro\/?attachment_id=339\" class=\"wp-image-339\"\/><\/figure><\/li><\/ul><\/figure>\n\n\n\n<div style=\"height:100px\" aria-hidden=\"true\" class=\"wp-block-spacer\"><\/div>\n\n\n\n<figure class=\"wp-block-gallery alignfull columns-1 is-cropped wp-block-gallery-2 is-layout-flex wp-block-gallery-is-layout-flex\"><ul class=\"blocks-gallery-grid\"><li class=\"blocks-gallery-item\"><figure><img loading=\"lazy\" decoding=\"async\" width=\"4032\" height=\"2016\" src=\"https:\/\/uranusacum.ro\/wp-content\/uploads\/2022\/02\/IMG_20211025_113806.jpg\" alt=\"\" data-id=\"333\" data-full-url=\"https:\/\/uranusacum.ro\/wp-content\/uploads\/2022\/02\/IMG_20211025_113806.jpg\" data-link=\"https:\/\/uranusacum.ro\/?attachment_id=333\" class=\"wp-image-333\"\/><\/figure><\/li><\/ul><\/figure>\n<\/div>\n\n\n\n<div class=\"wp-block-column is-vertically-aligned-center is-layout-flow wp-block-column-is-layout-flow\">\n<div style=\"height:100px\" aria-hidden=\"true\" class=\"wp-block-spacer\"><\/div>\n\n\n\n<figure class=\"wp-block-gallery columns-2 is-cropped wp-block-gallery-3 is-layout-flex wp-block-gallery-is-layout-flex\"><ul class=\"blocks-gallery-grid\"><li class=\"blocks-gallery-item\"><figure><img loading=\"lazy\" decoding=\"async\" width=\"800\" height=\"600\" src=\"https:\/\/uranusacum.ro\/wp-content\/uploads\/2022\/02\/manastirea-antim.jpg\" alt=\"\" data-id=\"327\" data-full-url=\"https:\/\/uranusacum.ro\/wp-content\/uploads\/2022\/02\/manastirea-antim.jpg\" data-link=\"https:\/\/uranusacum.ro\/?attachment_id=327\" class=\"wp-image-327\"\/><\/figure><\/li><li class=\"blocks-gallery-item\"><figure><img loading=\"lazy\" decoding=\"async\" width=\"4032\" height=\"2016\" src=\"https:\/\/uranusacum.ro\/wp-content\/uploads\/2022\/02\/IMG_20211025_113743.jpg\" alt=\"\" data-id=\"331\" data-full-url=\"https:\/\/uranusacum.ro\/wp-content\/uploads\/2022\/02\/IMG_20211025_113743.jpg\" data-link=\"https:\/\/uranusacum.ro\/?attachment_id=331\" class=\"wp-image-331\"\/><\/figure><\/li><\/ul><\/figure>\n\n\n\n<pre class=\"wp-block-verse\">Col\u021buri din fostul cartier r\u0103mase \u00een picioare<\/pre>\n<\/div>\n<\/div>","protected":false},"excerpt":{"rendered":"<p>C\u00e2nd Exist\u0103 multe \u00eentreb\u0103ri \u0219i mult\u0103 nostalgie c\u00e2nd vine vorba de cartierul Uranus. Pu\u021bini \u0219tiu c\u0103 urmele fostului cartier sunt \u00eenc\u0103 vizibile. Oric\u00e2nd ne dorim s\u0103 face o c\u0103l\u0103torie \u00een istorie, acest traseu ne st\u0103 la dispozitie. De ce Uranus? Cartierul Uranus reprezint\u0103 o realitate urban\u0103 eliminat\u0103. Traseul nostru poate fi o poart\u0103 de intrare&hellip; <a class=\"more-link\" href=\"https:\/\/uranusacum.ro\/en\/tur-virtual-prin-uranus\/\">Continue reading <span class=\"screen-reader-text\">Tur virtual prin Uranus<\/span><\/a><\/p>","protected":false},"author":1,"featured_media":0,"parent":0,"menu_order":0,"comment_status":"closed","ping_status":"closed","template":"","meta":{"footnotes":""},"_links":{"self":[{"href":"https:\/\/uranusacum.ro\/en\/wp-json\/wp\/v2\/pages\/325"}],"collection":[{"href":"https:\/\/uranusacum.ro\/en\/wp-json\/wp\/v2\/pages"}],"about":[{"href":"https:\/\/uranusacum.ro\/en\/wp-json\/wp\/v2\/types\/page"}],"author":[{"embeddable":true,"href":"https:\/\/uranusacum.ro\/en\/wp-json\/wp\/v2\/users\/1"}],"replies":[{"embeddable":true,"href":"https:\/\/uranusacum.ro\/en\/wp-json\/wp\/v2\/comments?post=325"}],"version-history":[{"count":38,"href":"https:\/\/uranusacum.ro\/en\/wp-json\/wp\/v2\/pages\/325\/revisions"}],"predecessor-version":[{"id":401,"href":"https:\/\/uranusacum.ro\/en\/wp-json\/wp\/v2\/pages\/325\/revisions\/401"}],"wp:attachment":[{"href":"https:\/\/uranusacum.ro\/en\/wp-json\/wp\/v2\/media?parent=325"}],"curies":[{"name":"wp","href":"https:\/\/api.w.org\/{rel}","templated":true}]}}