{"id":119,"date":"2021-10-07T13:42:01","date_gmt":"2021-10-07T11:42:01","guid":{"rendered":"https:\/\/uranusacum.ro\/?page_id=119"},"modified":"2022-05-17T07:00:03","modified_gmt":"2022-05-17T05:00:03","slug":"uranus-acum-conciliere-2022","status":"publish","type":"page","link":"https:\/\/uranusacum.ro\/en\/uranus-acum-conciliere-2022\/","title":{"rendered":"Uranus Acum\/ Conciliere 2022"},"content":{"rendered":"<figure class=\"wp-block-image alignwide size-full\"><img loading=\"lazy\" decoding=\"async\" width=\"6000\" height=\"4000\" src=\"https:\/\/uranusacum.ro\/wp-content\/uploads\/2022\/05\/00_P17_01_A1_DSC8892.jpg\" alt=\"\" class=\"wp-image-621\"\/><\/figure>\n\n\n\n<h2 class=\"wp-block-heading\"><strong>O expozi\u021bie \u00een spa\u021biul public.&nbsp;Mai \u2013 Iulie 2022<\/strong><\/h2>\n\n\n\n<p><strong>Ce ar fi s\u0103 nu mai vorbim (doar) despre demol\u0103ri, ci despre un viitor al concilierii? Al convie\u021buirii straturilor istorice, al unei \u00eemp\u0103c\u0103ri ale ora\u0219ului cu locuitorii s\u0103i? V\u0103 propunem o discu\u021bie despre memoria vie \u0219i fertil\u0103 \u0219i despre dezvoltare urban\u0103 civilizat\u0103.<\/strong><\/p>\n\n\n\n<figure class=\"wp-block-image size-full\"><img loading=\"lazy\" decoding=\"async\" width=\"1488\" height=\"2000\" src=\"https:\/\/uranusacum.ro\/wp-content\/uploads\/2022\/05\/280703276_1120190205194137_3185303346891851980_n.jpg\" alt=\"\" class=\"wp-image-689\"\/><figcaption>Instala\u021bie in parcul Izvor pe locul unei casei disparute, 2022. \u00a9Tudor Constantinescu<\/figcaption><\/figure>\n\n\n\n<p>Programul \u201eUranus Acum\u201d continu\u0103. Expozi\u021bia din 2019 reconstruia o realitate disp\u0103rut\u0103. Lucr\u00e2nd la ea, s\u0103p\u00e2nd pentru instala\u021biile din spa\u021biul public,vizit\u00e2nd \u0219i citind despre zon\u0103, am descoperit o serie de elemente concrete \u0219i aproape invizibile care au supravie\u021buit proiectului lui Ceau\u0219escu, abandonului \u0219i transform\u0103rilor ultimilor 30 de ani. \u00cen acela\u0219i timp, am sim\u021bit nevoia s\u0103 facem \u0219i un pas mai departe, \u0219i s\u0103 vorbim \u0219i despre ce se poate face cu amestecul actual de teritorii necunoscute, relativ inaccesibile \u0219i prost sau deloc folosite \u0219i care \u00een continuare rupe ora\u0219ul \u00een dou\u0103.<\/p>\n\n\n\n<figure class=\"wp-block-image size-full\"><img loading=\"lazy\" decoding=\"async\" width=\"4032\" height=\"3024\" src=\"https:\/\/uranusacum.ro\/wp-content\/uploads\/2022\/05\/IMG_1724.jpg\" alt=\"\" class=\"wp-image-619\"\/><figcaption>Str. Salvatorului, 2021<\/figcaption><\/figure>\n\n\n\n<p>Aducem aceste dou\u0103 subiecte \u00eempreun\u0103: pe de o parte, cercetarea, cartarea&nbsp; \u0219i prezentarea urmelor fizice ce au supravie\u021buit marii opera\u021bii; pe de alta, promovarea viziunilor, proiectelor, strategiilor pentru un&nbsp; altfel de viitor al zonei Palatului Parlamentului.&nbsp;&nbsp;<\/p>\n\n\n\n<p>Expozi\u021bia este r\u0103sp\u00e2ndit\u0103 \u00een spa\u021biul fizic al zonei Uranus-Izvor \u0219i prezent\u0103 \u0219i \u00een online, printr-o arhiv\u0103 de locuri disp\u0103rute \u0219i de urme ale trecutului.&nbsp;<\/p>\n\n\n\n<figure class=\"wp-block-image size-full\"><img loading=\"lazy\" decoding=\"async\" width=\"2126\" height=\"1418\" src=\"https:\/\/uranusacum.ro\/wp-content\/uploads\/2022\/05\/01_DSC06797.jpg\" alt=\"\" class=\"wp-image-613\"\/><figcaption>Fragment din fosta strad\u0103 a Salvatorului. Foto: Vlad B\u00e2sc\u0103, 2021<\/figcaption><\/figure>\n\n\n\n<p><strong>Memoria ca resurs\u0103: Sec\u021biunea \u201eUrme\u201d<\/strong>&nbsp;<\/p>\n\n\n\n<p>Selec\u021bia noastr\u0103 se materializeaz\u0103 \u00een 10 instala\u021bii r\u0103sp\u00e2ndite pe teritoriul fostului cartier. Ele alc\u0103tuiesc un traseu explicativ despre locuri care au disp\u0103rut complet sau din care s-au p\u0103strat doar fragmente. Aducem \u00een mod simbolic trecutul \u00eenapoi \u0219i descoperim \u00eempreun\u0103 c\u00e2t de multe lucruri au r\u0103mas acolo unde, aparent, nu a&nbsp; mai r\u0103mas nimic. Instala\u021biile sugereaz\u0103 o serie de panouri stradale, cu informa\u021bii despre biserici ascunse sau demolate, despre buc\u0103\u021bi de ruine ale unor cl\u0103diri de patrimoniu, pavaj sau locuri \u00een care se aflau case pre\u021bioase \u0219i istorii familiale, cu h\u0103r\u021bi vechi \u0219i noi. Fiecare instala\u021bie con\u021bine un link care te duce c\u0103tre o arhiv\u0103 digital\u0103, cu informa\u021bii mai multe \u0219i mai complexe, inclusiv imagini \u0219i interviuri.&nbsp;<\/p>\n\n\n\n<p>Ca \u00eentr-un film SF cu g\u0103uri de vierme \u0219i portaluri temporale, ne plimb\u0103m concomitent \u00een ora\u0219ul disp\u0103rut \u0219i \u00een cele de azi.&nbsp;<\/p>\n\n\n\n<figure class=\"wp-block-image size-full\"><img loading=\"lazy\" decoding=\"async\" width=\"1268\" height=\"1147\" src=\"https:\/\/uranusacum.ro\/wp-content\/uploads\/2022\/05\/02_DSC06167.jpg\" alt=\"\" class=\"wp-image-614\"\/><figcaption>Strada V\u00e2n\u0103tori,<a href=\"https:\/\/uranusacum.ro\/en\/strada-vanatori-nr-4\/\"> resturile casei Florescu de la nr. 4. Link aici.<\/a><\/figcaption><\/figure>\n\n\n\n<figure class=\"wp-block-image size-full\"><img loading=\"lazy\" decoding=\"async\" width=\"2998\" height=\"2000\" src=\"https:\/\/uranusacum.ro\/wp-content\/uploads\/2022\/05\/03_DSC06989.jpg\" alt=\"\" class=\"wp-image-615\"\/><figcaption>Biserica \u0219i clopotni\u021ba M\u00e2n\u0103stiri Mihai Vod\u0103, mutate pe strada Sapien\u021bei<\/figcaption><\/figure>\n\n\n\n<p>M\u0103rturisim c\u0103 ne-a obsedat nu doar cartarea \u0219i punerea \u00een context a acestor urme, ci \u0219i ce s-ar \u00eent\u00e2mpla cu ele. \u00cen primul r\u00e2nd, este vorba despre protec\u021bie. Este vorba despre elemente foarte fragile, sau de locuri cu statut incert. Ele pot disp\u0103rea foarte rapid, cu ocazia unor proiecte publice sau private. Dar credem c\u0103 importan\u021ba lor const\u0103 \u0219i \u00een poten\u021bialul imens pe care \u00eel ofer\u0103. Ele pot deveni o resurs\u0103 esen\u021bial\u0103 pentru o reg\u00e2ndire urbanistic\u0103 a zonei. Pentru mul\u021bi dintre noi, ideea de memorial se leag\u0103 mai ales de un obiect sau de un ansamblu clar delimitat. \u00cens\u0103 poate fi vorba \u0219i <strong>despre un parc memorial<\/strong>. Modelul ce ne-a servit drept inspira\u021bie este Memorialul Zidului Berlinului, \u00een zona Bernauer Stra\u00dfe. Acolo s-a lucrat timp de mai bine de 15 ani la un &nbsp;ansamblu ce integreaz\u0103&nbsp; por\u021biuni p\u0103strate din zid, o biseric\u0103, un monument, un &nbsp;centru de informare, dar un traseu urban \u0219i &nbsp;arheologic, cu g\u0103sirea, p\u0103strarea \u0219i punerea \u00een valoare a unor resturi \u0219i cu marc\u0103ri &nbsp;discrete ale unor locuri \u0219i evenimente istorice. &nbsp;Milioane de vizitatori se plimb\u0103 \u00een fiecare an pe acolo, dar \u00een acela\u0219i timp ansamblul r\u0103m\u00e2ne \u0219i un loc public permanent \u0219i prietenos, parte a vie\u021bii de zi cu zi a cartierului \u0219i a ora\u0219ului.&nbsp;<\/p>\n\n\n\n<p>Vedem proiectul nostru \u0219i ca o contribu\u021bie la demararea unui astfel de proiect muzeal \u0219i urban, o parte integrant\u0103 a regener\u0103rii zonei.<\/p>\n\n\n\n<figure class=\"wp-block-image size-full\"><img loading=\"lazy\" decoding=\"async\" width=\"1920\" height=\"1280\" src=\"https:\/\/uranusacum.ro\/wp-content\/uploads\/2022\/05\/04_02_A_gbm_grenzhaus.jpg\" alt=\"\" class=\"wp-image-616\"\/><figcaption>Modelul european bun \u0219i urmele ca resurs\u0103 urban\u0103.<br>Gedenkst\u00e4tte Berliner Mauer &#8211; Memorialul Zidului, Berlin.<br>\u00a9Stiftung Berliner Mauer, Foto J. Hochmuth<\/figcaption><\/figure>\n\n\n\n<p><strong>Ca pentru orice bun traseu de vizitare, v-am preg\u0103tit <a href=\"https:\/\/uranusacum.ro\/en\/qr-code-2\/\" data-type=\"URL\" data-id=\"https:\/\/uranusacum.ro\/qr-code-2\/\">o hart\u0103, cu link-uri Google Maps ale fiec\u0103rui loc<\/a>. Pute\u021bi s\u0103 o printa\u021bi sau s\u0103 o lua\u021bi cu voi pe mobil.&nbsp;<\/strong><\/p>\n\n\n\n<p><strong>Dac\u0103 vre\u021bi s\u0103 afla\u021bi mai multe \u00eent\u00e2i \u0219i s\u0103 v\u0103 plimba\u021bi dup\u0103, intra\u021bi pe sec\u021biunea cu<a href=\"https:\/\/uranusacum.ro\/en\/locuri-ale-memoriei\/\" data-type=\"URL\" data-id=\"https:\/\/uranusacum.ro\/locuri-ale-memoriei\/\"> Locuri ale memoriei<\/a>. Fiecare articol con\u021bine propriul link c\u0103tre locul de ast\u0103zi.&nbsp;<\/strong><\/p>\n\n\n\n<p><strong>Pentru o rena\u0219tere urban\u0103 \u0219i un urbanism democratic. Sec\u021biunea \u201eMai departe\u201d<\/strong><\/p>\n\n\n\n<p>Am amplasat aceast\u0103 sec\u021biune tot \u00een spa\u021biul public, dar \u00een mod compact: \u00een parcul Izvor, \u00een preajma a\u0219a-numitului <a href=\"https:\/\/goo.gl\/maps\/Z4WLDhCok6MoS63F7\">\u201eRond al Bicicli\u0219tilor\u201d<\/a>. A\u0219a cum spuneam \u0219i mai sus, ea este dedicat\u0103 unor idei \u0219i principii pentru viitorul zonei, precum \u0219i unor propuneri civice, arhitecturale \u0219i urbanistice. Ve\u021bi vedea teme care se tot repet\u0103(dar a c\u0103ror importan\u021b\u0103 fundamental\u0103 devine cu at\u00e2t mai evident\u0103): deschiderea Ora\u0219ul Interzis (terenul aferent Parlamentului), recoaserea ora\u0219ului, regenerarea cartierelor din jur, spa\u021bii \u0219i trasee pietonale, parcuri, interven\u021bii delicate, rea\u0219ezarea dezvolt\u0103rii\u2026.dar \u0219i moduri foarte diferite de a pondera \u0219i echilibra aceste principii. Deocamdat\u0103, majoritatea institu\u021biilor \u0219i politicienilor sunt reticen\u021bi sau indiferen\u021bi fa\u021b\u0103 de aceast\u0103 problem\u0103. Ac\u021biuni concrete depind de pornirea unei discu\u021bii \u0219i de dorin\u021ba cet\u0103\u021benilor de \u00ee\u0219i cere dreptul la ora\u0219.&nbsp;<\/p>\n\n\n\n<figure class=\"wp-block-image size-full\"><img loading=\"lazy\" decoding=\"async\" width=\"4272\" height=\"2848\" src=\"https:\/\/uranusacum.ro\/wp-content\/uploads\/2022\/05\/05_IMG_2658.jpg\" alt=\"\" class=\"wp-image-617\"\/><figcaption>Planul integrat de dezvoltare urban\u0103 Bucure\u0219ti (P.I.D.U.): \u201eCamera de cultur\u0103 contemporan\u0103\u201d (Muzeul Na\u021bional de Art\u0103 contemporan\u0103 &#8211; MNAC), machet\u0103<\/figcaption><\/figure>\n\n\n\n<figure class=\"wp-block-image size-full\"><img loading=\"lazy\" decoding=\"async\" width=\"2000\" height=\"1295\" src=\"https:\/\/uranusacum.ro\/wp-content\/uploads\/2022\/02\/01_20_A_197x_str.-Salvatorului-1.jpg\" alt=\"\" class=\"wp-image-534\"\/><figcaption>Strada Salvatorului 1979. Imagine de epoc\u0103: Traian B\u0103dulescu senior, expozi\u0163ia \u201cSalut\u0103ri din Uranus!\u201d<\/figcaption><\/figure>\n\n\n\n<figure class=\"wp-block-image size-full\"><img loading=\"lazy\" decoding=\"async\" width=\"1476\" height=\"1034\" src=\"https:\/\/uranusacum.ro\/wp-content\/uploads\/2022\/05\/08_MICI_08_22_A_Uranus_P2-Salvatorului-A2.jpg\" alt=\"\" class=\"wp-image-635\"\/><figcaption>Srada Salvatorului 2019. Imagine contemporan\u0103: Costin Gheorghe, proiectul \u201cTHENOW \u2013 trecutul la prezent\u201d Urmele cvasi-invizibile : fragment de pavaj din piatr\u0103 si o gur\u0103 de canal<\/figcaption><\/figure>\n\n\n\n<p><\/p>\n\n\n\n<p><strong>Contact: <\/strong><a href=\"mailto:povesti@uranusacum.ro\">povesti@uranusacum.ro<\/a><\/p>\n\n\n\n<p><strong>Perioad\u0103:<\/strong> 12 mai \u2013 10 iulie 2022<\/p>\n\n\n\n<p><strong>CREDIT<\/strong><br><\/p>\n\n\n\n<figure class=\"wp-block-image size-full is-resized\"><img loading=\"lazy\" decoding=\"async\" src=\"https:\/\/uranusacum.ro\/wp-content\/uploads\/2022\/05\/LOGO-TA2.png\" alt=\"\" class=\"wp-image-686\" width=\"140\" height=\"82\"\/><figcaption>Un proiect finan\u021bat de c\u0103tre Ordinul Arhitec\u021bilor din Rom\u00e2nia, prin Timbrul de arhitectur\u0103.<\/figcaption><\/figure>\n\n\n\n<p>Aceast\u0103 expozi\u021bie integreaz\u0103 materiale din cadrul etapelor din 2019\u20132021 ale proiectului general \u201eUranus Acum\u201d: imagini noi \u0219i de arhiv\u0103, cercet\u0103ri, interviuri, texte, desene etc. Autorii imaginilor au fost credita\u021bi \u00een cadrul panourilor. Mul\u021bumiri speciale vechilor locuitori ai cartierului \u0219i martorilor implica\u021bi, membrilor echipei restr\u00e2nse \u2014 Oana-Valentina Suciu \u0219i Iris \u0218erban, membrilor Ideilagram, echipei extinse, voluntarilor, tuturor celor care ne-au furnizat informa\u021bii \u0219i ne-au sprijinit.<\/p>\n\n\n\n<p>www.uranusacum.ro<\/p>\n\n\n\n<p><strong>Un proiect Zeppelin &amp; Ideilagram<\/strong><\/p>\n\n\n\n<p><strong>Curatoriat, coordonare:<\/strong><\/p>\n\n\n\n<p>Dorothee Hasna\u0219, \u0218tefan Ghenciulescu, Ilinca P\u0103un-Constantinescu<\/p>\n\n\n\n<p><strong>Cercetare<\/strong>:<\/p>\n\n\n\n<p>Dorothee Hasna\u0219, \u0218tefan Ghenciulescu, Ciprian Pl\u0103ia\u0219u<\/p>\n\n\n\n<p><strong>Parteneri:<\/strong><\/p>\n\n\n\n<p>Universitatea de Arhitectur\u0103 \u0219i Urbanism \u201eIon Mincu\u201d Bucure\u0219ti,<\/p>\n\n\n\n<p>Senatul Rom\u00e2niei, Academia Rom\u00e2n\u0103, re-act now, Ini\u021biativa Parcul Uranus, MNAC Bucure\u0219ti, DC Communication<\/p>\n\n\n\n<p><strong>Design expozi\u021bional:<\/strong><\/p>\n\n\n\n<p>Dorothee Hasna\u0219, \u0218tefan Ghenciulescu, Ilinca P\u0103un-Constantinescu, Tudor Constantinescu, Artemisa Pascu, Andrei Grosu<\/p>\n\n\n\n<p><strong>Design grafic:<\/strong><\/p>\n\n\n\n<p>Local Design Circle (Artemisa Pascu, Andrei Grosu)<\/p>\n\n\n\n<p><strong>Design tip de liter\u0103 Triumf:<\/strong><\/p>\n\n\n\n<p>Bogdan Dumitrache<\/p>\n\n\n\n<p><strong>Colaboratori cercetare, design, proofreading:<\/strong><\/p>\n\n\n\n<p>Andrei Badea, C\u0103t\u0103lina Fr\u00e2ncu, design publica\u021bii: Gabriela Belcineanu<\/p>\n\n\n\n<p><strong>Produc\u021bie expozi\u021bie:<\/strong><\/p>\n\n\n\n<p>Fabricate<\/p>\n\n\n\n<p><strong>Website Uranus Acum:<\/strong><\/p>\n\n\n\n<p>Dorothee Hasna\u0219, Ciprian Pl\u0103ia\u0219u<\/p>\n\n\n\n<p><strong>Colaborare proiectare, produc\u021bie, montaj:<\/strong><\/p>\n\n\n\n<p>Ideogram Studio<\/p>\n\n\n\n<p><strong>Video:<\/strong><\/p>\n\n\n\n<p>Alexandru P\u0103un<\/p>\n\n\n\n<p><strong>Proiectare rezisten\u021b\u0103 instala\u021bii:<\/strong><\/p>\n\n\n\n<p>Adrian Br\u00e2nzoiu<\/p>\n\n\n\n<figure class=\"wp-block-image size-full\"><img loading=\"lazy\" decoding=\"async\" width=\"3024\" height=\"4032\" src=\"https:\/\/uranusacum.ro\/wp-content\/uploads\/2022\/05\/IMG_1730.jpg\" alt=\"\" class=\"wp-image-618\"\/><figcaption>Salvatorului nr. 7, singura casa supravietuitoare. \u00a9Dorothee Hasnas, 2021<\/figcaption><\/figure>","protected":false},"excerpt":{"rendered":"<p>O expozi\u021bie \u00een spa\u021biul public.&nbsp;Mai \u2013 Iulie 2022 Ce ar fi s\u0103 nu mai vorbim (doar) despre demol\u0103ri, ci despre un viitor al concilierii? Al convie\u021buirii straturilor istorice, al unei \u00eemp\u0103c\u0103ri ale ora\u0219ului cu locuitorii s\u0103i? V\u0103 propunem o discu\u021bie despre memoria vie \u0219i fertil\u0103 \u0219i despre dezvoltare urban\u0103 civilizat\u0103. Programul \u201eUranus Acum\u201d continu\u0103. Expozi\u021bia&hellip; <a class=\"more-link\" href=\"https:\/\/uranusacum.ro\/en\/uranus-acum-conciliere-2022\/\">Continue reading <span class=\"screen-reader-text\">Uranus Acum\/ Conciliere 2022<\/span><\/a><\/p>","protected":false},"author":1,"featured_media":0,"parent":0,"menu_order":0,"comment_status":"closed","ping_status":"closed","template":"","meta":{"footnotes":""},"_links":{"self":[{"href":"https:\/\/uranusacum.ro\/en\/wp-json\/wp\/v2\/pages\/119"}],"collection":[{"href":"https:\/\/uranusacum.ro\/en\/wp-json\/wp\/v2\/pages"}],"about":[{"href":"https:\/\/uranusacum.ro\/en\/wp-json\/wp\/v2\/types\/page"}],"author":[{"embeddable":true,"href":"https:\/\/uranusacum.ro\/en\/wp-json\/wp\/v2\/users\/1"}],"replies":[{"embeddable":true,"href":"https:\/\/uranusacum.ro\/en\/wp-json\/wp\/v2\/comments?post=119"}],"version-history":[{"count":35,"href":"https:\/\/uranusacum.ro\/en\/wp-json\/wp\/v2\/pages\/119\/revisions"}],"predecessor-version":[{"id":692,"href":"https:\/\/uranusacum.ro\/en\/wp-json\/wp\/v2\/pages\/119\/revisions\/692"}],"wp:attachment":[{"href":"https:\/\/uranusacum.ro\/en\/wp-json\/wp\/v2\/media?parent=119"}],"curies":[{"name":"wp","href":"https:\/\/api.w.org\/{rel}","templated":true}]}}